{"id":15,"date":"2023-01-10T12:22:01","date_gmt":"2023-01-10T12:22:01","guid":{"rendered":"https:\/\/www.deejayseza.com\/?page_id=15"},"modified":"2023-12-01T04:03:00","modified_gmt":"2023-12-01T04:03:00","slug":"ilo-liikkuu-sinussa","status":"publish","type":"page","link":"https:\/\/www.deejayseza.com\/","title":{"rendered":"Deejay Seza"},"content":{"rendered":"\n<p class=\"has-huge-font-size\"><em>Ilo liikkuu sinussa<\/em><\/p>\n\n\n<div class=\"wp-block-image is-style-twentytwentyone-border\">\n<figure class=\"alignleft size-full\"><img loading=\"lazy\" decoding=\"async\" width=\"667\" height=\"1000\" src=\"https:\/\/www.deejayseza.com\/wp-content\/uploads\/2023\/01\/Saija-46.jpg\" alt=\"\" class=\"wp-image-68\" srcset=\"https:\/\/www.deejayseza.com\/wp-content\/uploads\/2023\/01\/Saija-46.jpg 667w, https:\/\/www.deejayseza.com\/wp-content\/uploads\/2023\/01\/Saija-46-200x300.jpg 200w\" sizes=\"auto, (max-width: 667px) 100vw, 667px\" \/><\/figure>\n<\/div>\n\n\n<p style=\"padding-top:0px;padding-right:0px;padding-bottom:0px;padding-left:0px;line-height:1.5\">Voit heng\u00e4ht\u00e4\u00e4 ja palautua ohjauksessani, antautua musiikin kohottavalle voimalle. L\u00f6yd\u00e4 yhteys omaan kehoon ja mieleen, kytkeydy aisteihisi ja avaudu maailman kiehtoville mahdollisuuksille. Tanssi murheesi pois ja anna ilon liikkua sinussa.<\/p>\n\n\n\n<p>Hei, olen Saija. Olen t\u00e4\u00e4ll\u00e4 levitt\u00e4m\u00e4ss\u00e4 iloa ja my\u00f6t\u00e4tuntoa. Nautin ihmisten vibojen<br>nostattamisesta, ja teen sen n\u00e4in:<\/p>\n\n\n\n<p>DJ Sezana virit\u00e4n aistit auki korkeav\u00e4r\u00e4hteisell\u00e4 setill\u00e4. Tanssi<br>vapauttaa kehosta stressi\u00e4 ja lis\u00e4\u00e4 onnellisuuden tunnetta. Joka kerta kun soitan, olen itsekin todella fiiliksiss\u00e4, vaikka olen tehnyt DJ-keikkaa jo vuodesta 2005.<\/p>\n\n\n\n<figure class=\"wp-block-image size-full\"><img loading=\"lazy\" decoding=\"async\" width=\"628\" height=\"471\" src=\"https:\/\/www.deejayseza.com\/wp-content\/uploads\/2023\/01\/Saija-73-edited.jpg\" alt=\"\" class=\"wp-image-125\" srcset=\"https:\/\/www.deejayseza.com\/wp-content\/uploads\/2023\/01\/Saija-73-edited.jpg 628w, https:\/\/www.deejayseza.com\/wp-content\/uploads\/2023\/01\/Saija-73-edited-300x225.jpg 300w\" sizes=\"auto, (max-width: 628px) 100vw, 628px\" \/><\/figure>\n\n\n\n<p>Ty\u00f6pajojen ohjauksia ja kouluttamista teen tosi mielell\u00e4ni,<br>vuosien kokemus on tuonut varmuutta tilanteeseen kuin tilanteeseen. Haluan kehitty\u00e4 jatkuvasti ihmisten kohtaamisessa ja tiedon yhdist\u00e4misess\u00e4 k\u00e4yt\u00e4nt\u00f6\u00f6n. Erityisesti motivointi ja ohjaus kohti hyvinvoivaa ja tasapainoista el\u00e4m\u00e4\u00e4 on intohimoni.<br>Ja hei, tietenkin my\u00f6s yhdistelen n\u00e4it\u00e4 kahta. Moneen tilaisuuteen ja tapahtumaan sopii hienosti sek\u00e4 hyvinvoinnin teemoihin liittyv\u00e4 hetkinen ett\u00e4 luonnollisena jatkumona vibojen kohotus musiikin avulla. Olen tottunut toimimaan erilaisten tapahtumaj\u00e4rjest\u00e4jien ja<br>tekniikan kanssa, joten yhteisty\u00f6n lupaan olevan l\u00e4mminhenkisyyden lis\u00e4ksi maanl\u00e4heist\u00e4 ja osaavaa.<\/p>\n\n\n\n<figure class=\"wp-block-image size-full is-resized\"><img loading=\"lazy\" decoding=\"async\" width=\"1000\" height=\"667\" src=\"https:\/\/www.deejayseza.com\/wp-content\/uploads\/2023\/01\/Saija-77.jpg\" alt=\"\" class=\"wp-image-99\" style=\"width:500px;height:334px\" srcset=\"https:\/\/www.deejayseza.com\/wp-content\/uploads\/2023\/01\/Saija-77.jpg 1000w, https:\/\/www.deejayseza.com\/wp-content\/uploads\/2023\/01\/Saija-77-300x200.jpg 300w, https:\/\/www.deejayseza.com\/wp-content\/uploads\/2023\/01\/Saija-77-768x512.jpg 768w\" sizes=\"auto, (max-width: 1000px) 100vw, 1000px\" \/><\/figure>\n\n\n\n<p>Lyhyesti minusta<br>Tarinani ei ole ainoastaan t\u00e4ynn\u00e4 hyv\u00e4\u00e4 mielt\u00e4 ja nostatusta. Olen kulkenut mutkien kautta voidakseni hyv\u00e4ksy\u00e4 itseni ja l\u00f6yt\u00e4\u00e4kseni omann\u00e4k\u00f6isen hyvinvoinnin tielle. Minulla on tapana olla touhukas ja innostuva, ja n\u00e4en n\u00e4iss\u00e4 ominaisuuksissa nyt paljon hyv\u00e4\u00e4. N\u00e4en<br>iloisuuden ja el\u00e4m\u00e4nmy\u00f6nteisyyden kantavan arjessa vastuullisessa ty\u00f6ss\u00e4ni muutosjohtajana sek\u00e4 rakkaan perheeni kanssa. Olen vuosien ajan lis\u00e4nnyt tietoa luonnonmukaisista hoidoista ja ravinnosta sek\u00e4 palautumisesta, ja vienyt oppeja k\u00e4yt\u00e4nt\u00f6\u00f6n kotona ja ty\u00f6paikalla. Ammennan omasta matkastani voimavaroja ja tietoa<br>auttaa muita. Olen DJ, esiintyj\u00e4, kouluttaja, ihmisten kohtaaja ja opastaja. Ja nautin siit\u00e4 kaikesta, sill\u00e4 ne tekev\u00e4t minusta minun.<br>Ennen kaikkea olen joka aamu kiitollisena ja j\u00e4nnityksell\u00e4 uuteen p\u00e4iv\u00e4\u00e4n her\u00e4\u00e4v\u00e4 tyyppi, mit\u00e4h\u00e4n t\u00e4n\u00e4\u00e4n tulen oppimaan? <\/p>\n\n\n\n<p>Olen Heng\u00e4hdyshetki\u00e4(R) valmentaja, jonka ansiosta minulla on ymm\u00e4rryst\u00e4 ja tietoa erityisesti stressin vaikutuksista ja luonnonmukaisista keinoista edist\u00e4\u00e4 palautumista ja tasapainottaa stressi\u00e4. Palautumisen voima on meiss\u00e4 jokaisessa.<\/p>\n\n\n\n<figure class=\"wp-block-image size-full is-resized\"><img loading=\"lazy\" decoding=\"async\" width=\"667\" height=\"1000\" src=\"https:\/\/www.deejayseza.com\/wp-content\/uploads\/2023\/01\/Saija-32.jpg\" alt=\"\" class=\"wp-image-54\" style=\"width:334px;height:500px\" srcset=\"https:\/\/www.deejayseza.com\/wp-content\/uploads\/2023\/01\/Saija-32.jpg 667w, https:\/\/www.deejayseza.com\/wp-content\/uploads\/2023\/01\/Saija-32-200x300.jpg 200w\" sizes=\"auto, (max-width: 667px) 100vw, 667px\" \/><\/figure>\n\n\n\n<p>Lupaan yhteisty\u00f6h\u00f6n syv\u00e4ll\u00e4 tunteella sitoutuvan ihmisen, joka varmasti v\u00e4litt\u00e4\u00e4 toiveistasi. Kokemukseeni turvaten voin my\u00f6s ehdottaa sinulle yhteisty\u00f6n sujuvuutta ja yleis\u00f6n tyytyv\u00e4isyytt\u00e4 lis\u00e4\u00e4vi\u00e4 ratkaisuja. Lupaan sek\u00e4 rauhoittavia ett\u00e4 ravisuttavia stressi\u00e4<br>purkavia hetki\u00e4 kanssani.<\/p>\n\n\n\n<p>Kysy rohkeasti DJ-keikkaa ja ty\u00f6pajan ohjausta!<\/p>\n\n\n\n<figure class=\"wp-block-image size-full is-resized\"><img loading=\"lazy\" decoding=\"async\" width=\"667\" height=\"1000\" src=\"https:\/\/www.deejayseza.com\/wp-content\/uploads\/2023\/01\/Saija-68.jpg\" alt=\"\" class=\"wp-image-90\" style=\"width:334px;height:500px\" srcset=\"https:\/\/www.deejayseza.com\/wp-content\/uploads\/2023\/01\/Saija-68.jpg 667w, https:\/\/www.deejayseza.com\/wp-content\/uploads\/2023\/01\/Saija-68-200x300.jpg 200w\" sizes=\"auto, (max-width: 667px) 100vw, 667px\" \/><\/figure>\n\n\n\n<p>Otan ilolla vastaan kysymyksesi ja ehdotuksesi, laitathan viesti\u00e4<br>s\u00e4hk\u00f6postitse deejayseza@gmail.com tai tekstarilla, whatsappilla 0407784363. Olen sinuun yhteydess\u00e4 nopeasti,<br>viimeist\u00e4\u00e4n 2 arkip\u00e4iv\u00e4n sis\u00e4ll\u00e4. Tarjoan my\u00f6s hyvinvointipalveluita www.lemmets\u00e4.fi.<\/p>\n\n\n\n<p>Ilo liikkuu sinussa<br>Saija K.<br>DJ Seza<\/p>\n","protected":false},"excerpt":{"rendered":"<p>Ilo liikkuu sinussa Voit heng\u00e4ht\u00e4\u00e4 ja palautua ohjauksessani, antautua musiikin kohottavalle voimalle. L\u00f6yd\u00e4 yhteys omaan kehoon ja mieleen, kytkeydy aisteihisi ja avaudu maailman kiehtoville mahdollisuuksille. Tanssi murheesi pois ja anna ilon liikkua sinussa. Hei, olen Saija. Olen t\u00e4\u00e4ll\u00e4 levitt\u00e4m\u00e4ss\u00e4 iloa ja my\u00f6t\u00e4tuntoa. Nautin ihmisten vibojennostattamisesta, ja teen sen n\u00e4in: DJ Sezana virit\u00e4n aistit auki korkeav\u00e4r\u00e4hteisell\u00e4&hellip; <a class=\"more-link\" href=\"https:\/\/www.deejayseza.com\/\">Continue reading <span class=\"screen-reader-text\">Deejay Seza<\/span><\/a><\/p>\n","protected":false},"author":2,"featured_media":0,"parent":0,"menu_order":0,"comment_status":"closed","ping_status":"closed","template":"","meta":{"footnotes":""},"class_list":["post-15","page","type-page","status-publish","hentry","entry"],"_links":{"self":[{"href":"https:\/\/www.deejayseza.com\/index.php?rest_route=\/wp\/v2\/pages\/15","targetHints":{"allow":["GET"]}}],"collection":[{"href":"https:\/\/www.deejayseza.com\/index.php?rest_route=\/wp\/v2\/pages"}],"about":[{"href":"https:\/\/www.deejayseza.com\/index.php?rest_route=\/wp\/v2\/types\/page"}],"author":[{"embeddable":true,"href":"https:\/\/www.deejayseza.com\/index.php?rest_route=\/wp\/v2\/users\/2"}],"replies":[{"embeddable":true,"href":"https:\/\/www.deejayseza.com\/index.php?rest_route=%2Fwp%2Fv2%2Fcomments&post=15"}],"version-history":[{"count":19,"href":"https:\/\/www.deejayseza.com\/index.php?rest_route=\/wp\/v2\/pages\/15\/revisions"}],"predecessor-version":[{"id":215,"href":"https:\/\/www.deejayseza.com\/index.php?rest_route=\/wp\/v2\/pages\/15\/revisions\/215"}],"wp:attachment":[{"href":"https:\/\/www.deejayseza.com\/index.php?rest_route=%2Fwp%2Fv2%2Fmedia&parent=15"}],"curies":[{"name":"wp","href":"https:\/\/api.w.org\/{rel}","templated":true}]}}